{"id":25804664,"date":"2023-03-01T11:33:04","date_gmt":"2023-03-01T08:33:04","guid":{"rendered":"https:\/\/aesthetichealthantalya.org\/contact\/"},"modified":"2026-02-10T22:24:53","modified_gmt":"2026-02-10T19:24:53","slug":"contact","status":"publish","type":"page","link":"https:\/\/aesthetichealthantalya.org\/en\/contact\/","title":{"rendered":"Contact"},"content":{"rendered":"<p>[et_pb_section fb_built=&#8221;1&#8243; custom_padding_last_edited=&#8221;on|phone&#8221; _builder_version=&#8221;4.25.2&#8243; use_background_color_gradient=&#8221;on&#8221; background_color_gradient_direction=&#8221;270deg&#8221; background_color_gradient_stops=&#8221;rgba(38,61,123,0.18) 0%|rgba(209,230,232,0.76) 99%&#8221; background_color_gradient_overlays_image=&#8221;on&#8221; background_color_gradient_start=&#8221;rgba(38,61,123,0.9)&#8221; background_color_gradient_end=&#8221;rgba(38,61,123,0.18)&#8221; background_color_gradient_end_position=&#8221;94%&#8221; background_image=&#8221;https:\/\/aesthetichealthantalya.org\/wp-content\/uploads\/2024\/06\/1437830105.jpg&#8221; custom_padding=&#8221;22vh||22vh||true|false&#8221; custom_padding_tablet=&#8221;5vh||||false|false&#8221; custom_padding_phone=&#8221;5vh||20vh||false|false&#8221; bottom_divider_style=&#8221;curve2&#8243; bottom_divider_color=&#8221;#FFFFFF&#8221; bottom_divider_height=&#8221;200px&#8221; bottom_divider_repeat=&#8221;0x&#8221; bottom_divider_height_tablet=&#8221;80px&#8221; bottom_divider_height_phone=&#8221;60px&#8221; bottom_divider_height_last_edited=&#8221;on|phone&#8221; background_last_edited=&#8221;on|tablet&#8221; use_background_color_gradient_tablet=&#8221;on&#8221; use_background_color_gradient_phone=&#8221;on&#8221; background_color_gradient_stops_tablet=&#8221;rgba(209,230,232,0.91) 0%|rgba(209,230,232,0.66) 100%&#8221; background_color_gradient_stops_phone=&#8221;#d1e6e8 0%|rgba(209,230,232,0.66) 100%&#8221; background_color_gradient_start_position_tablet=&#8221;0%&#8221; background_color_gradient_end_tablet=&#8221;rgba(38,61,123,0.69)&#8221; background_color_gradient_end_position_tablet=&#8221;100%&#8221; background_color_gradient_end_position_phone=&#8221;100%&#8221; background_image_phone=&#8221;https:\/\/aesthetichealthantalya.org\/wp-content\/uploads\/2024\/06\/adipo.png&#8221; background_enable_image_phone=&#8221;on&#8221; background_position_tablet=&#8221;top_right&#8221; background_position_phone=&#8221;top_left&#8221; background_horizontal_offset_phone=&#8221;43%&#8221; global_colors_info=&#8221;{}&#8221;][et_pb_row _builder_version=&#8221;4.25.1&#8243; _module_preset=&#8221;default&#8221; global_colors_info=&#8221;{}&#8221;][et_pb_column type=&#8221;4_4&#8243; _builder_version=&#8221;4.16&#8243; _module_preset=&#8221;default&#8221; global_colors_info=&#8221;{}&#8221;][et_pb_cta title=&#8221;Contact&#8221; _builder_version=&#8221;4.25.1&#8243; _module_preset=&#8221;default&#8221; header_font=&#8221;&#8211;et_global_body_font|300|||||||&#8221; header_text_color=&#8221;#0C0C1F&#8221; header_font_size=&#8221;40px&#8221; body_font=&#8221;&#8211;et_global_heading_font|700|||||||&#8221; body_text_color=&#8221;#AC7241&#8243; body_font_size=&#8221;65px&#8221; body_line_height=&#8221;1em&#8221; background_color=&#8221;RGBA(0,0,0,0)&#8221; custom_button=&#8221;on&#8221; button_bg_color=&#8221;#09A2D6&#8243; button_border_color=&#8221;#09A2D6&#8243; text_orientation=&#8221;left&#8221; max_width=&#8221;700px&#8221; custom_margin=&#8221;||0px||false|false&#8221; custom_padding=&#8221;|||0px|false|false&#8221; header_font_size_tablet=&#8221;&#8221; header_font_size_phone=&#8221;27px&#8221; header_font_size_last_edited=&#8221;on|phone&#8221; body_font_size_tablet=&#8221;70px&#8221; body_font_size_phone=&#8221;41px&#8221; body_font_size_last_edited=&#8221;on|tablet&#8221; global_colors_info=&#8221;{}&#8221; button_border_color__hover_enabled=&#8221;on|hover&#8221; button_border_color__hover=&#8221;#09A2D6&#8243;]<\/p>\n<p>We are listening to you.<\/p>\n<p>[\/et_pb_cta][dipi_breadcrumbs bc_separator_icon=&#8221;&#x35;||divi||400&#8243; bc_post_type=&#8221;project&#8221; bc_is_post_type_root=&#8221;on&#8221; bc_post_type_root=&#8221;\/doctors&#8221; bc_post_type_label=&#8221;Doctors&#8221; bc_schema=&#8221;off&#8221; bc_separator_color=&#8221;#FFFFFF&#8221; bc_separator_space=&#8221;0px&#8221; bc_item_bg_color=&#8221;#AC7241&#8243; bc_item_padding=&#8221;5px|20px|5px|20px|false|false&#8221; bc_active_item_color=&#8221;rgba(255,255,255,0.05)&#8221; bc_active_item_padding=&#8221;5px|15px|5px|15px|false|false&#8221; bc_hover_item_bg_color=&#8221;#FFFFFF&#8221; _builder_version=&#8221;4.25.1&#8243; _module_preset=&#8221;default&#8221; items_text_color=&#8221;#F8F9FD&#8221; items_font_size=&#8221;16px&#8221; hover_text_color=&#8221;#263D7B&#8221; active_text_color=&#8221;rgba(255,255,255,0.52)&#8221; position_origin_a=&#8221;bottom_right&#8221; position_origin_f=&#8221;bottom_center&#8221; position_origin_r=&#8221;bottom_left&#8221; width=&#8221;100%&#8221; border_radii_items=&#8221;on|100px|100px|100px|100px&#8221; border_radii_active=&#8221;on|100px|100px|100px|100px&#8221; global_colors_info=&#8221;{}&#8221; custom_css_main_element_last_edited=&#8221;on|tablet&#8221; items_text_color__hover_enabled=&#8221;on|hover&#8221; items_text_color__hover=&#8221;#0C0C1F&#8221;][\/dipi_breadcrumbs][\/et_pb_column][\/et_pb_row][\/et_pb_section][et_pb_section fb_built=&#8221;1&#8243; custom_padding_last_edited=&#8221;on|phone&#8221; _builder_version=&#8221;4.20.2&#8243; _module_preset=&#8221;default&#8221; custom_padding=&#8221;46px||20px||false|false&#8221; custom_padding_tablet=&#8221;150px||||false|false&#8221; custom_padding_phone=&#8221;40px||||false|false&#8221; global_colors_info=&#8221;{}&#8221;][et_pb_row column_structure=&#8221;1_2,1_2&#8243; use_custom_gutter=&#8221;on&#8221; gutter_width=&#8221;2&#8243; custom_padding_last_edited=&#8221;on|tablet&#8221; _builder_version=&#8221;4.25.1&#8243; _module_preset=&#8221;default&#8221; background_color=&#8221;#D1E6E8&#8243; custom_padding=&#8221;60px|50px|60px|50px|true|true&#8221; custom_padding_tablet=&#8221;40px|30px|40px|30px|true|true&#8221; custom_padding_phone=&#8221;20px|20px|20px|20px|true|true&#8221; border_radii=&#8221;on|20px|20px|20px|20px&#8221; locked=&#8221;off&#8221; global_colors_info=&#8221;{}&#8221;][et_pb_column type=&#8221;1_2&#8243; _builder_version=&#8221;4.19.4&#8243; _module_preset=&#8221;default&#8221; background_color=&#8221;#ffffff&#8221; custom_padding=&#8221;50px|40px|50px|40px|true|true&#8221; custom_padding_tablet=&#8221;50px|40px|50px|40px|true|true&#8221; custom_padding_phone=&#8221;30px|20px|30px|20px|true|true&#8221; custom_padding_last_edited=&#8221;on|phone&#8221; border_radii=&#8221;on|15px|15px|15px|15px&#8221; border_width_all=&#8221;1px&#8221; border_color_all=&#8221;rgba(107,141,250,0.25)&#8221; box_shadow_style=&#8221;preset3&#8243; box_shadow_color=&#8221;#F5F6FF&#8221; global_colors_info=&#8221;{}&#8221;][et_pb_contact_form captcha=&#8221;off&#8221; email=&#8221;bariatrischechirurgieantalya@gmail.com&#8221; _builder_version=&#8221;4.26.0&#8243; _module_preset=&#8221;default&#8221; _unique_id=&#8221;3dc6c27b-e010-4dfc-99e0-773697bcc539&#8243; form_field_background_color=&#8221;#F8F9FD&#8221; form_field_text_color=&#8221;#0C0C1F&#8221; form_field_focus_background_color=&#8221;#F8F9FD&#8221; form_field_focus_text_color=&#8221;#0C0C1F&#8221; form_field_custom_padding=&#8221;25px||25px||true|false&#8221; form_field_font=&#8221;Inter||||||||&#8221; form_field_font_size=&#8221;15px&#8221; custom_button=&#8221;on&#8221; button_text_color=&#8221;#ffffff&#8221; button_bg_color=&#8221;#AC7241&#8243; button_border_width=&#8221;0px&#8221; button_border_radius=&#8221;100px&#8221; button_font=&#8221;Inter|600|||||||&#8221; button_use_icon=&#8221;off&#8221; button_custom_margin=&#8221;8px||||false|false&#8221; button_custom_padding=&#8221;16px||16px||true|false&#8221; hover_enabled=&#8221;0&#8243; global_colors_info=&#8221;{}&#8221; button_bg_color__hover_enabled=&#8221;on|hover&#8221; button_bg_color__hover=&#8221;rgba(172,114,65,0.81)&#8221; button_bg_enable_color__hover=&#8221;on&#8221; admin_label=&#8221;bariatrischechirurgieantalya@gmail.com&#8221; sticky_enabled=&#8221;0&#8243;][et_pb_contact_field field_id=&#8221;Name&#8221; field_title=&#8221;Name&#8221; fullwidth_field=&#8221;on&#8221; _builder_version=&#8221;4.25.1&#8243; global_colors_info=&#8221;{}&#8221; button_text_size__hover_enabled=&#8221;off&#8221; button_one_text_size__hover_enabled=&#8221;off&#8221; button_two_text_size__hover_enabled=&#8221;off&#8221; button_text_color__hover_enabled=&#8221;off&#8221; button_one_text_color__hover_enabled=&#8221;off&#8221; button_two_text_color__hover_enabled=&#8221;off&#8221; button_border_width__hover_enabled=&#8221;off&#8221; button_one_border_width__hover_enabled=&#8221;off&#8221; button_two_border_width__hover_enabled=&#8221;off&#8221; button_border_color__hover_enabled=&#8221;off&#8221; button_one_border_color__hover_enabled=&#8221;off&#8221; button_two_border_color__hover_enabled=&#8221;off&#8221; button_border_radius__hover_enabled=&#8221;off&#8221; button_one_border_radius__hover_enabled=&#8221;off&#8221; button_two_border_radius__hover_enabled=&#8221;off&#8221; button_letter_spacing__hover_enabled=&#8221;off&#8221; button_one_letter_spacing__hover_enabled=&#8221;off&#8221; button_two_letter_spacing__hover_enabled=&#8221;off&#8221; button_bg_color__hover_enabled=&#8221;off&#8221; button_one_bg_color__hover_enabled=&#8221;off&#8221; button_two_bg_color__hover_enabled=&#8221;off&#8221;][\/et_pb_contact_field][et_pb_contact_field field_id=&#8221;Email_2_2_2&#8243; field_title=&#8221;Email&#8221; field_type=&#8221;email&#8221; fullwidth_field=&#8221;on&#8221; _builder_version=&#8221;4.25.1&#8243; global_colors_info=&#8221;{}&#8221; button_text_size__hover_enabled=&#8221;off&#8221; button_one_text_size__hover_enabled=&#8221;off&#8221; button_two_text_size__hover_enabled=&#8221;off&#8221; button_text_color__hover_enabled=&#8221;off&#8221; button_one_text_color__hover_enabled=&#8221;off&#8221; button_two_text_color__hover_enabled=&#8221;off&#8221; button_border_width__hover_enabled=&#8221;off&#8221; button_one_border_width__hover_enabled=&#8221;off&#8221; button_two_border_width__hover_enabled=&#8221;off&#8221; button_border_color__hover_enabled=&#8221;off&#8221; button_one_border_color__hover_enabled=&#8221;off&#8221; button_two_border_color__hover_enabled=&#8221;off&#8221; button_border_radius__hover_enabled=&#8221;off&#8221; button_one_border_radius__hover_enabled=&#8221;off&#8221; button_two_border_radius__hover_enabled=&#8221;off&#8221; button_letter_spacing__hover_enabled=&#8221;off&#8221; button_one_letter_spacing__hover_enabled=&#8221;off&#8221; button_two_letter_spacing__hover_enabled=&#8221;off&#8221; button_bg_color__hover_enabled=&#8221;off&#8221; button_one_bg_color__hover_enabled=&#8221;off&#8221; button_two_bg_color__hover_enabled=&#8221;off&#8221;][\/et_pb_contact_field][et_pb_contact_field field_id=&#8221;Email&#8221; field_title=&#8221;Telephone&#8221; fullwidth_field=&#8221;on&#8221; _builder_version=&#8221;4.25.1&#8243; global_colors_info=&#8221;{}&#8221; button_text_size__hover_enabled=&#8221;off&#8221; button_one_text_size__hover_enabled=&#8221;off&#8221; button_two_text_size__hover_enabled=&#8221;off&#8221; button_text_color__hover_enabled=&#8221;off&#8221; button_one_text_color__hover_enabled=&#8221;off&#8221; button_two_text_color__hover_enabled=&#8221;off&#8221; button_border_width__hover_enabled=&#8221;off&#8221; button_one_border_width__hover_enabled=&#8221;off&#8221; button_two_border_width__hover_enabled=&#8221;off&#8221; button_border_color__hover_enabled=&#8221;off&#8221; button_one_border_color__hover_enabled=&#8221;off&#8221; button_two_border_color__hover_enabled=&#8221;off&#8221; button_border_radius__hover_enabled=&#8221;off&#8221; button_one_border_radius__hover_enabled=&#8221;off&#8221; button_two_border_radius__hover_enabled=&#8221;off&#8221; button_letter_spacing__hover_enabled=&#8221;off&#8221; button_one_letter_spacing__hover_enabled=&#8221;off&#8221; button_two_letter_spacing__hover_enabled=&#8221;off&#8221; button_bg_color__hover_enabled=&#8221;off&#8221; button_one_bg_color__hover_enabled=&#8221;off&#8221; button_two_bg_color__hover_enabled=&#8221;off&#8221;][\/et_pb_contact_field][et_pb_contact_field field_id=&#8221;Message&#8221; field_title=&#8221;Message&#8221; field_type=&#8221;text&#8221; fullwidth_field=&#8221;on&#8221; _builder_version=&#8221;4.25.1&#8243; global_colors_info=&#8221;{}&#8221; button_text_size__hover_enabled=&#8221;off&#8221; button_one_text_size__hover_enabled=&#8221;off&#8221; button_two_text_size__hover_enabled=&#8221;off&#8221; button_text_color__hover_enabled=&#8221;off&#8221; button_one_text_color__hover_enabled=&#8221;off&#8221; button_two_text_color__hover_enabled=&#8221;off&#8221; button_border_width__hover_enabled=&#8221;off&#8221; button_one_border_width__hover_enabled=&#8221;off&#8221; button_two_border_width__hover_enabled=&#8221;off&#8221; button_border_color__hover_enabled=&#8221;off&#8221; button_one_border_color__hover_enabled=&#8221;off&#8221; button_two_border_color__hover_enabled=&#8221;off&#8221; button_border_radius__hover_enabled=&#8221;off&#8221; button_one_border_radius__hover_enabled=&#8221;off&#8221; button_two_border_radius__hover_enabled=&#8221;off&#8221; button_letter_spacing__hover_enabled=&#8221;off&#8221; button_one_letter_spacing__hover_enabled=&#8221;off&#8221; button_two_letter_spacing__hover_enabled=&#8221;off&#8221; button_bg_color__hover_enabled=&#8221;off&#8221; button_one_bg_color__hover_enabled=&#8221;off&#8221; button_two_bg_color__hover_enabled=&#8221;off&#8221;][\/et_pb_contact_field][\/et_pb_contact_form][\/et_pb_column][et_pb_column type=&#8221;1_2&#8243; _builder_version=&#8221;4.19.4&#8243; _module_preset=&#8221;default&#8221; global_colors_info=&#8221;{}&#8221;][et_pb_text _builder_version=&#8221;4.25.1&#8243; _module_preset=&#8221;default&#8221; text_font=&#8221;Inter|600||on|||||&#8221; text_text_color=&#8221;#0C0C1F&#8221; text_letter_spacing=&#8221;2px&#8221; background_enable_color=&#8221;off&#8221; width_last_edited=&#8221;off|desktop&#8221; custom_margin=&#8221;||15px||false|false&#8221; text_font_size_tablet=&#8221;&#8221; text_font_size_phone=&#8221;10px&#8221; text_font_size_last_edited=&#8221;on|phone&#8221; locked=&#8221;off&#8221; global_colors_info=&#8221;{}&#8221;]<\/p>\n<p>CONTACT US<\/p>\n<p>[\/et_pb_text][et_pb_text _builder_version=&#8221;4.19.4&#8243; _module_preset=&#8221;default&#8221; header_2_font=&#8221;|600|||||||&#8221; header_2_font_size=&#8221;55px&#8221; header_2_letter_spacing=&#8221;-0.5px&#8221; header_2_line_height=&#8221;1.2em&#8221; custom_margin_tablet=&#8221;&#8221; custom_margin_phone=&#8221;||15px||false|false&#8221; custom_margin_last_edited=&#8221;on|phone&#8221; header_2_font_size_tablet=&#8221;55px&#8221; header_2_font_size_phone=&#8221;35px&#8221; header_2_font_size_last_edited=&#8221;on|phone&#8221; locked=&#8221;off&#8221; global_colors_info=&#8221;{}&#8221;]<\/p>\n<h2>Step into Healthy Lives, Make a New Start in Your Life<\/h2>\n<p>[\/et_pb_text][et_pb_text _builder_version=&#8221;4.19.4&#8243; _module_preset=&#8221;default&#8221; text_font=&#8221;Inter Tight||||||||&#8221; text_text_color=&#8221;rgba(29,30,77,0.5)&#8221; text_font_size=&#8221;16px&#8221; text_line_height=&#8221;1.6em&#8221; custom_margin=&#8221;||40px||false|false&#8221; global_colors_info=&#8221;{}&#8221;]<\/p>\n<p>We aim to offer you the best service with our expert staff and facilities equipped with the latest technology. With our high-quality treatment options, we are at your side for a healthy and happy life.<\/p>\n<p>[\/et_pb_text][et_pb_blurb title=&#8221;Telephone&#8221; url=&#8221;tel:+492016320%20163%%20&#8243; use_icon=&#8221;on&#8221; font_icon=&#8221;&#xe090;||divi||400&#8243; icon_color=&#8221;#ac7241&#8243; image_icon_background_color=&#8221;#ffffff&#8221; icon_placement=&#8221;left&#8221; image_icon_width=&#8221;30px&#8221; content_max_width=&#8221;1100px&#8221; image_icon_width_tablet=&#8221;30px&#8221; image_icon_width_phone=&#8221;20px&#8221; image_icon_width_last_edited=&#8221;on|phone&#8221; _builder_version=&#8221;4.25.1&#8243; _module_preset=&#8221;default&#8221; header_font=&#8221;||||||||&#8221; header_text_color=&#8221;rgba(29,30,77,0.5)&#8221; header_font_size=&#8221;18px&#8221; body_font_size=&#8221;13px&#8221; body_link_font=&#8221;Inter||||||||&#8221; body_link_text_color=&#8221;#1D1E4D&#8221; image_icon_custom_padding=&#8221;15px|15px|15px|15px|true|true&#8221; image_icon_custom_padding_tablet=&#8221;15px|15px|15px|15px|true|true&#8221; image_icon_custom_padding_phone=&#8221;10px|10px|10px|10px|true|true&#8221; image_icon_custom_padding_last_edited=&#8221;on|phone&#8221; custom_margin=&#8221;||40px||false|false&#8221; body_font_size_tablet=&#8221;13px&#8221; body_font_size_phone=&#8221;11px&#8221; body_font_size_last_edited=&#8221;on|phone&#8221; custom_css_blurb_title=&#8221;margin-top: 7px;&#8221; border_radii_image=&#8221;on|10px|10px|10px|10px&#8221; border_radii_image_tablet=&#8221;on|10px|10px|10px|10px&#8221; border_radii_image_phone=&#8221;on|5px|5px|5px|5px&#8221; border_radii_image_last_edited=&#8221;on|phone&#8221; global_colors_info=&#8221;{}&#8221;]<\/p>\n<p>+49 163 3485964<\/p>\n<p>[\/et_pb_blurb][et_pb_blurb title=&#8221;Telephone&#8221; url=&#8221;tel:+492016320%20163%%20&#8243; use_icon=&#8221;on&#8221; font_icon=&#8221;&#xe090;||divi||400&#8243; icon_color=&#8221;#ac7241&#8243; image_icon_background_color=&#8221;#ffffff&#8221; icon_placement=&#8221;left&#8221; image_icon_width=&#8221;30px&#8221; content_max_width=&#8221;1100px&#8221; image_icon_width_tablet=&#8221;30px&#8221; image_icon_width_phone=&#8221;20px&#8221; image_icon_width_last_edited=&#8221;on|phone&#8221; _builder_version=&#8221;4.25.2&#8243; _module_preset=&#8221;default&#8221; header_font=&#8221;||||||||&#8221; header_text_color=&#8221;rgba(29,30,77,0.5)&#8221; header_font_size=&#8221;18px&#8221; body_font_size=&#8221;13px&#8221; body_link_font=&#8221;Inter||||||||&#8221; body_link_text_color=&#8221;#1D1E4D&#8221; image_icon_custom_padding=&#8221;15px|15px|15px|15px|true|true&#8221; image_icon_custom_padding_tablet=&#8221;15px|15px|15px|15px|true|true&#8221; image_icon_custom_padding_phone=&#8221;10px|10px|10px|10px|true|true&#8221; image_icon_custom_padding_last_edited=&#8221;on|phone&#8221; custom_margin=&#8221;||40px||false|false&#8221; body_font_size_tablet=&#8221;13px&#8221; body_font_size_phone=&#8221;11px&#8221; body_font_size_last_edited=&#8221;on|phone&#8221; custom_css_blurb_title=&#8221;margin-top: 7px;&#8221; border_radii_image=&#8221;on|10px|10px|10px|10px&#8221; border_radii_image_tablet=&#8221;on|10px|10px|10px|10px&#8221; border_radii_image_phone=&#8221;on|5px|5px|5px|5px&#8221; border_radii_image_last_edited=&#8221;on|phone&#8221; global_colors_info=&#8221;{}&#8221;]<\/p>\n<p>+90 (552) 851 80 50<\/p>\n<p>[\/et_pb_blurb][et_pb_blurb title=&#8221;Email&#8221; use_icon=&#8221;on&#8221; font_icon=&#8221;&#xe076;||divi||400&#8243; icon_color=&#8221;#ac7241&#8243; image_icon_background_color=&#8221;#ffffff&#8221; icon_placement=&#8221;left&#8221; image_icon_width=&#8221;30px&#8221; content_max_width=&#8221;1100px&#8221; image_icon_width_tablet=&#8221;30px&#8221; image_icon_width_phone=&#8221;20px&#8221; image_icon_width_last_edited=&#8221;on|phone&#8221; _builder_version=&#8221;4.25.1&#8243; _module_preset=&#8221;default&#8221; header_font=&#8221;||||||||&#8221; header_text_color=&#8221;rgba(29,30,77,0.5)&#8221; header_font_size=&#8221;18px&#8221; body_font_size=&#8221;13px&#8221; body_link_font=&#8221;Inter||||||||&#8221; body_link_text_color=&#8221;#1D1E4D&#8221; image_icon_custom_padding=&#8221;15px|15px|15px|15px|true|true&#8221; image_icon_custom_padding_tablet=&#8221;15px|15px|15px|15px|true|true&#8221; image_icon_custom_padding_phone=&#8221;10px|10px|10px|10px|true|true&#8221; image_icon_custom_padding_last_edited=&#8221;on|phone&#8221; custom_margin=&#8221;||40px||false|false&#8221; body_font_size_tablet=&#8221;13px&#8221; body_font_size_phone=&#8221;11px&#8221; body_font_size_last_edited=&#8221;on|phone&#8221; custom_css_blurb_title=&#8221;margin-top: 7px;&#8221; border_radii_image=&#8221;on|10px|10px|10px|10px&#8221; border_radii_image_tablet=&#8221;on|10px|10px|10px|10px&#8221; border_radii_image_phone=&#8221;on|5px|5px|5px|5px&#8221; border_radii_image_last_edited=&#8221;on|phone&#8221; global_colors_info=&#8221;{}&#8221;]<\/p>\n<p><a href=\"mailto:info@aesthetichealthantalya.org\">info@aesthetichealthantalya.org<\/a><\/p>\n<p>[\/et_pb_blurb][et_pb_blurb title=&#8221;Office&#8221; use_icon=&#8221;on&#8221; font_icon=&#8221;&#xf57e;||fa||900&#8243; icon_color=&#8221;#ac7241&#8243; image_icon_background_color=&#8221;#ffffff&#8221; icon_placement=&#8221;left&#8221; image_icon_width=&#8221;30px&#8221; content_max_width=&#8221;1100px&#8221; image_icon_width_tablet=&#8221;30px&#8221; image_icon_width_phone=&#8221;20px&#8221; image_icon_width_last_edited=&#8221;on|phone&#8221; _builder_version=&#8221;4.25.1&#8243; _module_preset=&#8221;default&#8221; header_font=&#8221;||||||||&#8221; header_text_color=&#8221;rgba(29,30,77,0.5)&#8221; header_font_size=&#8221;18px&#8221; body_font=&#8221;Inter||||||||&#8221; body_text_color=&#8221;#1D1E4D&#8221; body_font_size=&#8221;13px&#8221; body_link_font=&#8221;Inter||||||||&#8221; body_link_text_color=&#8221;#1D1E4D&#8221; image_icon_custom_padding=&#8221;15px|15px|15px|15px|true|true&#8221; image_icon_custom_padding_tablet=&#8221;15px|15px|15px|15px|true|true&#8221; image_icon_custom_padding_phone=&#8221;10px|10px|10px|10px|true|true&#8221; image_icon_custom_padding_last_edited=&#8221;on|phone&#8221; custom_margin=&#8221;||50px||false|false&#8221; body_font_size_tablet=&#8221;13px&#8221; body_font_size_phone=&#8221;11px&#8221; body_font_size_last_edited=&#8221;on|phone&#8221; custom_css_blurb_title=&#8221;margin-top: 7px;&#8221; border_radii_image=&#8221;on|10px|10px|10px|10px&#8221; border_radii_image_tablet=&#8221;on|10px|10px|10px|10px&#8221; border_radii_image_phone=&#8221;on|5px|5px|5px|5px&#8221; border_radii_image_last_edited=&#8221;on|phone&#8221; global_colors_info=&#8221;{}&#8221;]<\/p>\n<p>Y\u0131ld\u0131z Mahallesi Hamidiye Caddesi G\u00fczelyurt Apt. No:47\/B<br \/>Muratpasa\/ Antalya<\/p>\n<p>[\/et_pb_blurb][\/et_pb_column][\/et_pb_row][\/et_pb_section][et_pb_section fb_built=&#8221;1&#8243; _builder_version=&#8221;4.25.1&#8243; _module_preset=&#8221;default&#8221; global_colors_info=&#8221;{}&#8221;][et_pb_row _builder_version=&#8221;4.25.1&#8243; _module_preset=&#8221;default&#8221; global_colors_info=&#8221;{}&#8221;][et_pb_column type=&#8221;4_4&#8243; _builder_version=&#8221;4.25.1&#8243; _module_preset=&#8221;default&#8221; global_colors_info=&#8221;{}&#8221;][et_pb_code _builder_version=&#8221;4.25.2&#8243; _module_preset=&#8221;default&#8221; border_radii=&#8221;on|20px|20px|20px|20px&#8221; global_colors_info=&#8221;{}&#8221;]<iframe src=\"https:\/\/www.google.com\/maps\/embed?pb=!1m18!1m12!1m3!1d6381.682224447491!2d30.67470506034065!3d36.89414913280451!2m3!1f0!2f0!3f0!3m2!1i1024!2i768!4f13.1!3m3!1m2!1s0x14c39021266c5665%3A0xd669def28daff722!2zWcSxbGTEsXosIDA3MDUwIE11cmF0cGHFn2EvQW50YWx5YQ!5e0!3m2!1str!2str!4v1717533985016!5m2!1str!2str\" width=\"1200\" height=\"450\" style=\"border:0;\" allowfullscreen=\"\" loading=\"lazy\" referrerpolicy=\"no-referrer-when-downgrade\"><\/iframe>[\/et_pb_code][\/et_pb_column][\/et_pb_row][\/et_pb_section]<\/p>\n","protected":false},"excerpt":{"rendered":"<p>We are listening to you.<div class=\"et_pb_module dipi_breadcrumbs dipi_breadcrumbs_0\">\n\t\t\t\t\n\t\t\t\t\n\t\t\t\t\n\t\t\t\t\n\t\t\t\t\n\t\t\t\t\n\t\t\t\t<div class=\"et_pb_module_inner\">\n\t\t\t\t\t<div class=\"dipi-breadcrumbs dipi-bc-left\">\n                <ul >\n                    \n                                                        <li  class=\"dipi-breadcrumb-item dipi-breadcrumb-home\">\n\n                                                    <a  href=\"https:\/\/aesthetichealthantalya.org\/en\/\">\n                                <span  content=\"Home\">\n                                                                        Aesthetic Health Antalya                                <\/span>\n                            <\/a>\n\n                                                <meta itemprop=\"position\" content=\"1\"\/>                    <\/li>\n\n                    <li class=\"dipi-breadcrumb-separator\">\n                    <span class=\"et-pb-icon dipi-separator-icon\">&#x35;<\/span>\n                <\/li>                            \n                <\/ul>\n            <\/div>\n\t\t\t\t<\/div>\n\t\t\t<\/div>CONTACT USStep into Healthy Lives, Make a New Start in Your LifeWe aim to offer you the best service with our expert [&hellip;]<\/p>\n","protected":false},"author":3,"featured_media":25804590,"parent":0,"menu_order":0,"comment_status":"closed","ping_status":"closed","template":"","meta":{"_et_pb_use_builder":"on","_et_pb_old_content":"","_et_gb_content_width":"","slim_seo":{"title":"Contact - Aesthetic Health Antalya","description":"We are listening to you. CONTACT US Step into Healthy Lives, Make a New Start in Your Life We aim to offer you the best service with our expert staff and facili"},"footnotes":""},"dipi_cpt_category":[],"class_list":["post-25804664","page","type-page","status-publish","has-post-thumbnail","hentry"],"_links":{"self":[{"href":"https:\/\/aesthetichealthantalya.org\/en\/wp-json\/wp\/v2\/pages\/25804664","targetHints":{"allow":["GET"]}}],"collection":[{"href":"https:\/\/aesthetichealthantalya.org\/en\/wp-json\/wp\/v2\/pages"}],"about":[{"href":"https:\/\/aesthetichealthantalya.org\/en\/wp-json\/wp\/v2\/types\/page"}],"author":[{"embeddable":true,"href":"https:\/\/aesthetichealthantalya.org\/en\/wp-json\/wp\/v2\/users\/3"}],"replies":[{"embeddable":true,"href":"https:\/\/aesthetichealthantalya.org\/en\/wp-json\/wp\/v2\/comments?post=25804664"}],"version-history":[{"count":3,"href":"https:\/\/aesthetichealthantalya.org\/en\/wp-json\/wp\/v2\/pages\/25804664\/revisions"}],"predecessor-version":[{"id":25805667,"href":"https:\/\/aesthetichealthantalya.org\/en\/wp-json\/wp\/v2\/pages\/25804664\/revisions\/25805667"}],"wp:featuredmedia":[{"embeddable":true,"href":"https:\/\/aesthetichealthantalya.org\/en\/wp-json\/wp\/v2\/media\/25804590"}],"wp:attachment":[{"href":"https:\/\/aesthetichealthantalya.org\/en\/wp-json\/wp\/v2\/media?parent=25804664"}],"wp:term":[{"taxonomy":"dipi_cpt_category","embeddable":true,"href":"https:\/\/aesthetichealthantalya.org\/en\/wp-json\/wp\/v2\/dipi_cpt_category?post=25804664"}],"curies":[{"name":"wp","href":"https:\/\/api.w.org\/{rel}","templated":true}]}}