{"id":25805493,"date":"2025-06-15T00:30:47","date_gmt":"2025-06-14T21:30:47","guid":{"rendered":"https:\/\/aesthetichealthantalya.org\/?page_id=25805493"},"modified":"2025-06-15T00:30:47","modified_gmt":"2025-06-14T21:30:47","slug":"datenschutzrichtlinie","status":"publish","type":"page","link":"https:\/\/aesthetichealthantalya.org\/de\/datenschutzrichtlinie\/","title":{"rendered":"Datenschutzrichtlinie"},"content":{"rendered":"<h2 data-start=\"268\" data-end=\"322\">\ud83d\udd12 Datenschutzrichtlinie \u2013 Aesthetic Health Antalya<\/h2>\n<p data-start=\"369\" data-end=\"713\">Bei <strong data-start=\"373\" data-end=\"401\">Aesthetic Health Antalya<\/strong> hat der Schutz Ihrer pers\u00f6nlichen Daten h\u00f6chste Priorit\u00e4t. Diese Datenschutzrichtlinie erl\u00e4utert, wie wir personenbezogene Daten sammeln, verwenden, speichern und sch\u00fctzen, wenn Sie unsere Website (<a class=\"\" href=\"http:\/\/www.aesthetichealthantalya.org\" target=\"_new\" rel=\"noopener\" data-start=\"600\" data-end=\"671\">www.aesthetichealthantalya.org<\/a>) besuchen oder Kontakt mit uns aufnehmen.<\/p>\n<hr data-start=\"715\" data-end=\"718\" \/>\n<h3 data-start=\"720\" data-end=\"753\">\ud83d\udd39 Welche Daten erfassen wir?<\/h3>\n<ul data-start=\"754\" data-end=\"934\">\n<li data-start=\"754\" data-end=\"810\">\n<p data-start=\"756\" data-end=\"810\">Name, E-Mail-Adresse, Telefonnummer (Kontaktformulare)<\/p>\n<\/li>\n<li data-start=\"811\" data-end=\"873\">\n<p data-start=\"813\" data-end=\"873\">Freiwillig bereitgestellte gesundheitsbezogene Informationen<\/p>\n<\/li>\n<li data-start=\"874\" data-end=\"934\">\n<p data-start=\"876\" data-end=\"934\">IP-Adresse, Cookies (zur Verbesserung der Nutzererfahrung)<\/p>\n<\/li>\n<\/ul>\n<hr data-start=\"936\" data-end=\"939\" \/>\n<h3 data-start=\"941\" data-end=\"978\">\ud83d\udd39 Warum erfassen wir Ihre Daten?<\/h3>\n<ul data-start=\"979\" data-end=\"1225\">\n<li data-start=\"979\" data-end=\"1035\">\n<p data-start=\"981\" data-end=\"1035\">Um Ihnen eine individuelle Beratung anbieten zu k\u00f6nnen<\/p>\n<\/li>\n<li data-start=\"1036\" data-end=\"1097\">\n<p data-start=\"1038\" data-end=\"1097\">Um Ihre Anfragen zu beantworten und Termine zu koordinieren<\/p>\n<\/li>\n<li data-start=\"1098\" data-end=\"1174\">\n<p data-start=\"1100\" data-end=\"1174\">Um Ihnen Informationen zu unseren medizinischen Leistungen bereitzustellen<\/p>\n<\/li>\n<li data-start=\"1175\" data-end=\"1225\">\n<p data-start=\"1177\" data-end=\"1225\">Zur Verbesserung unserer Dienstleistungsqualit\u00e4t<\/p>\n<\/li>\n<\/ul>\n<hr data-start=\"1227\" data-end=\"1230\" \/>\n<h3 data-start=\"1232\" data-end=\"1261\">\ud83d\udd39 Weitergabe Ihrer Daten<\/h3>\n<p data-start=\"1262\" data-end=\"1316\">Ihre personenbezogenen Daten werden nur weitergegeben:<\/p>\n<ul data-start=\"1317\" data-end=\"1449\">\n<li data-start=\"1317\" data-end=\"1383\">\n<p data-start=\"1319\" data-end=\"1383\">An unsere medizinischen Berater, um Ihre Anfragen zu beantworten<\/p>\n<\/li>\n<li data-start=\"1384\" data-end=\"1449\">\n<p data-start=\"1386\" data-end=\"1449\">An offizielle Beh\u00f6rden, wenn dies gesetzlich vorgeschrieben ist<\/p>\n<\/li>\n<\/ul>\n<hr data-start=\"1451\" data-end=\"1454\" \/>\n<h3 data-start=\"1456\" data-end=\"1485\">\ud83d\udd39 Sicherheit Ihrer Daten<\/h3>\n<p data-start=\"1486\" data-end=\"1624\">Ihre Daten werden durch SSL-Verschl\u00fcsselung gesch\u00fctzt und unter Einhaltung technischer und organisatorischer Ma\u00dfnahmen sicher gespeichert.<\/p>\n<hr data-start=\"1626\" data-end=\"1629\" \/>\n<h3 data-start=\"1631\" data-end=\"1649\">\ud83d\udd39 Ihre Rechte<\/h3>\n<p data-start=\"1650\" data-end=\"1723\">Sie haben gem\u00e4\u00df <strong data-start=\"1666\" data-end=\"1675\">DSGVO<\/strong> und <strong data-start=\"1680\" data-end=\"1712\">t\u00fcrkischem Datenschutzgesetz<\/strong> das Recht:<\/p>\n<ul data-start=\"1724\" data-end=\"1905\">\n<li data-start=\"1724\" data-end=\"1776\">\n<p data-start=\"1726\" data-end=\"1776\">Auskunft \u00fcber Ihre gespeicherten Daten zu erhalten<\/p>\n<\/li>\n<li data-start=\"1777\" data-end=\"1817\">\n<p data-start=\"1779\" data-end=\"1817\">Unrichtige Daten korrigieren zu lassen<\/p>\n<\/li>\n<li data-start=\"1818\" data-end=\"1857\">\n<p data-start=\"1820\" data-end=\"1857\">Die L\u00f6schung Ihrer Daten zu verlangen<\/p>\n<\/li>\n<li data-start=\"1858\" data-end=\"1905\">\n<p data-start=\"1860\" data-end=\"1905\">Der Verarbeitung Ihrer Daten zu widersprechen<\/p>\n<\/li>\n<\/ul>\n<p data-start=\"1907\" data-end=\"2011\">Anfragen richten Sie bitte an: <a class=\"cursor-pointer\" rel=\"noopener\" data-start=\"1938\" data-end=\"2011\">info@aesthetichealthantalya.org<\/a><\/p>\n<hr data-start=\"2013\" data-end=\"2016\" \/>\n<h3 data-start=\"2018\" data-end=\"2032\">\ud83d\udd39 Kontakt<\/h3>\n<p data-start=\"2033\" data-end=\"2144\"><strong data-start=\"2033\" data-end=\"2061\">Aesthetic Health Antalya<\/strong><br data-start=\"2061\" data-end=\"2064\" \/>\ud83d\udccd Antalya, T\u00fcrkei<br data-start=\"2082\" data-end=\"2085\" \/>\ud83d\udce7 <a class=\"cursor-pointer\" rel=\"noopener\" data-start=\"2088\" data-end=\"2119\">info@aesthetichealthantalya.org<\/a><br data-start=\"2119\" data-end=\"2122\" \/>\ud83d\udcde +90 (552) 851 80 50<\/p>\n","protected":false},"excerpt":{"rendered":"<p>\ud83d\udd12 Datenschutzrichtlinie \u2013 Aesthetic Health Antalya Bei Aesthetic Health Antalya hat der Schutz Ihrer pers\u00f6nlichen Daten h\u00f6chste Priorit\u00e4t. Diese Datenschutzrichtlinie erl\u00e4utert, wie wir personenbezogene Daten sammeln, verwenden, speichern und sch\u00fctzen, wenn Sie unsere Website (www.aesthetichealthantalya.org) besuchen oder Kontakt mit uns aufnehmen. \ud83d\udd39 Welche Daten erfassen wir? Name, E-Mail-Adresse, Telefonnummer (Kontaktformulare) Freiwillig bereitgestellte gesundheitsbezogene Informationen IP-Adresse, [&hellip;]<\/p>\n","protected":false},"author":3,"featured_media":0,"parent":0,"menu_order":0,"comment_status":"closed","ping_status":"closed","template":"","meta":{"_et_pb_use_builder":"","_et_pb_old_content":"","_et_gb_content_width":"","slim_seo":{"title":"Datenschutzrichtlinie - Aesthetic Health Antalya","description":"\ud83d\udd12 Datenschutzrichtlinie \u2013 Aesthetic Health Antalya Bei Aesthetic Health Antalya hat der Schutz Ihrer pers\u00f6nlichen Daten h\u00f6chste Priorit\u00e4t. Diese Datenschutzrich"},"footnotes":""},"dipi_cpt_category":[],"class_list":["post-25805493","page","type-page","status-publish","hentry"],"_links":{"self":[{"href":"https:\/\/aesthetichealthantalya.org\/de\/wp-json\/wp\/v2\/pages\/25805493","targetHints":{"allow":["GET"]}}],"collection":[{"href":"https:\/\/aesthetichealthantalya.org\/de\/wp-json\/wp\/v2\/pages"}],"about":[{"href":"https:\/\/aesthetichealthantalya.org\/de\/wp-json\/wp\/v2\/types\/page"}],"author":[{"embeddable":true,"href":"https:\/\/aesthetichealthantalya.org\/de\/wp-json\/wp\/v2\/users\/3"}],"replies":[{"embeddable":true,"href":"https:\/\/aesthetichealthantalya.org\/de\/wp-json\/wp\/v2\/comments?post=25805493"}],"version-history":[{"count":1,"href":"https:\/\/aesthetichealthantalya.org\/de\/wp-json\/wp\/v2\/pages\/25805493\/revisions"}],"predecessor-version":[{"id":25805494,"href":"https:\/\/aesthetichealthantalya.org\/de\/wp-json\/wp\/v2\/pages\/25805493\/revisions\/25805494"}],"wp:attachment":[{"href":"https:\/\/aesthetichealthantalya.org\/de\/wp-json\/wp\/v2\/media?parent=25805493"}],"wp:term":[{"taxonomy":"dipi_cpt_category","embeddable":true,"href":"https:\/\/aesthetichealthantalya.org\/de\/wp-json\/wp\/v2\/dipi_cpt_category?post=25805493"}],"curies":[{"name":"wp","href":"https:\/\/api.w.org\/{rel}","templated":true}]}}