{"id":25804056,"date":"2023-03-01T11:33:04","date_gmt":"2023-03-01T08:33:04","guid":{"rendered":"https:\/\/aesthetichealthantalya.org\/kontakt\/"},"modified":"2026-02-10T22:22:59","modified_gmt":"2026-02-10T19:22:59","slug":"kontakt","status":"publish","type":"page","link":"https:\/\/aesthetichealthantalya.org\/de\/kontakt\/","title":{"rendered":"Kontakt"},"content":{"rendered":"<p>[et_pb_section fb_built=&#8220;1&#8243; custom_padding_last_edited=&#8220;on|phone&#8220; _builder_version=&#8220;4.25.2&#8243; use_background_color_gradient=&#8220;on&#8220; background_color_gradient_direction=&#8220;270deg&#8220; background_color_gradient_stops=&#8220;rgba(38,61,123,0.18) 0%|rgba(209,230,232,0.76) 99%&#8220; background_color_gradient_overlays_image=&#8220;on&#8220; background_color_gradient_start=&#8220;rgba(38,61,123,0.9)&#8220; background_color_gradient_end=&#8220;rgba(38,61,123,0.18)&#8220; background_color_gradient_end_position=&#8220;94%&#8220; background_image=&#8220;https:\/\/aesthetichealthantalya.org\/wp-content\/uploads\/2024\/06\/1437830105.jpg&#8220; custom_padding=&#8220;22vh||22vh||true|false&#8220; custom_padding_tablet=&#8220;5vh||||false|false&#8220; custom_padding_phone=&#8220;5vh||20vh||false|false&#8220; bottom_divider_style=&#8220;curve2&#8243; bottom_divider_color=&#8220;#FFFFFF&#8220; bottom_divider_height=&#8220;200px&#8220; bottom_divider_repeat=&#8220;0x&#8220; bottom_divider_height_tablet=&#8220;80px&#8220; bottom_divider_height_phone=&#8220;60px&#8220; bottom_divider_height_last_edited=&#8220;on|phone&#8220; background_last_edited=&#8220;on|tablet&#8220; use_background_color_gradient_tablet=&#8220;on&#8220; use_background_color_gradient_phone=&#8220;on&#8220; background_color_gradient_stops_tablet=&#8220;rgba(209,230,232,0.91) 0%|rgba(209,230,232,0.66) 100%&#8220; background_color_gradient_stops_phone=&#8220;#d1e6e8 0%|rgba(209,230,232,0.66) 100%&#8220; background_color_gradient_start_position_tablet=&#8220;0%&#8220; background_color_gradient_end_tablet=&#8220;rgba(38,61,123,0.69)&#8220; background_color_gradient_end_position_tablet=&#8220;100%&#8220; background_color_gradient_end_position_phone=&#8220;100%&#8220; background_image_phone=&#8220;https:\/\/aesthetichealthantalya.org\/wp-content\/uploads\/2024\/06\/adipo.png&#8220; background_enable_image_phone=&#8220;on&#8220; background_position_tablet=&#8220;top_right&#8220; background_position_phone=&#8220;top_left&#8220; background_horizontal_offset_phone=&#8220;43%&#8220; global_colors_info=&#8220;{}&#8220;][et_pb_row _builder_version=&#8220;4.25.1&#8243; _module_preset=&#8220;default&#8220; global_colors_info=&#8220;{}&#8220;][et_pb_column type=&#8220;4_4&#8243; _builder_version=&#8220;4.16&#8243; _module_preset=&#8220;default&#8220; global_colors_info=&#8220;{}&#8220;][et_pb_cta title=&#8220;Kontakt&#8220; _builder_version=&#8220;4.25.1&#8243; _module_preset=&#8220;default&#8220; header_font=&#8220;&#8211;et_global_body_font|300|||||||&#8220; header_text_color=&#8220;#0C0C1F&#8220; header_font_size=&#8220;40px&#8220; body_font=&#8220;&#8211;et_global_heading_font|700|||||||&#8220; body_text_color=&#8220;#AC7241&#8243; body_font_size=&#8220;65px&#8220; body_line_height=&#8220;1em&#8220; background_color=&#8220;RGBA(0,0,0,0)&#8220; custom_button=&#8220;on&#8220; button_bg_color=&#8220;#09A2D6&#8243; button_border_color=&#8220;#09A2D6&#8243; text_orientation=&#8220;left&#8220; max_width=&#8220;700px&#8220; custom_margin=&#8220;||0px||false|false&#8220; custom_padding=&#8220;|||0px|false|false&#8220; header_font_size_tablet=&#8220;&#8220; header_font_size_phone=&#8220;27px&#8220; header_font_size_last_edited=&#8220;on|phone&#8220; body_font_size_tablet=&#8220;70px&#8220; body_font_size_phone=&#8220;41px&#8220; body_font_size_last_edited=&#8220;on|tablet&#8220; global_colors_info=&#8220;{}&#8220; button_border_color__hover_enabled=&#8220;on|hover&#8220; button_border_color__hover=&#8220;#09A2D6&#8243;]<\/p>\n<p>Wir h\u00f6ren Ihnen zu.<\/p>\n<p>[\/et_pb_cta][dipi_breadcrumbs bc_separator_icon=&#8220;&#x35;||divi||400&#8243; bc_post_type=&#8220;project&#8220; bc_is_post_type_root=&#8220;on&#8220; bc_post_type_root=&#8220;\/doctors&#8220; bc_post_type_label=&#8220;\u00c4rzte&#8220; bc_schema=&#8220;off&#8220; bc_separator_color=&#8220;#FFFFFF&#8220; bc_separator_space=&#8220;0px&#8220; bc_item_bg_color=&#8220;#AC7241&#8243; bc_item_padding=&#8220;5px|20px|5px|20px|false|false&#8220; bc_active_item_color=&#8220;rgba(255,255,255,0.05)&#8220; bc_active_item_padding=&#8220;5px|15px|5px|15px|false|false&#8220; bc_hover_item_bg_color=&#8220;#FFFFFF&#8220; _builder_version=&#8220;4.25.1&#8243; _module_preset=&#8220;default&#8220; items_text_color=&#8220;#F8F9FD&#8220; items_font_size=&#8220;16px&#8220; hover_text_color=&#8220;#263D7B&#8220; active_text_color=&#8220;rgba(255,255,255,0.52)&#8220; position_origin_a=&#8220;bottom_right&#8220; position_origin_f=&#8220;bottom_center&#8220; position_origin_r=&#8220;bottom_left&#8220; width=&#8220;100%&#8220; border_radii_items=&#8220;on|100px|100px|100px|100px&#8220; border_radii_active=&#8220;on|100px|100px|100px|100px&#8220; global_colors_info=&#8220;{}&#8220; custom_css_main_element_last_edited=&#8220;on|tablet&#8220; items_text_color__hover_enabled=&#8220;on|hover&#8220; items_text_color__hover=&#8220;#0C0C1F&#8220;][\/dipi_breadcrumbs][\/et_pb_column][\/et_pb_row][\/et_pb_section][et_pb_section fb_built=&#8220;1&#8243; custom_padding_last_edited=&#8220;on|phone&#8220; _builder_version=&#8220;4.20.2&#8243; _module_preset=&#8220;default&#8220; custom_padding=&#8220;46px||20px||false|false&#8220; custom_padding_tablet=&#8220;150px||||false|false&#8220; custom_padding_phone=&#8220;40px||||false|false&#8220; global_colors_info=&#8220;{}&#8220;][et_pb_row column_structure=&#8220;1_2,1_2&#8243; use_custom_gutter=&#8220;on&#8220; gutter_width=&#8220;2&#8243; custom_padding_last_edited=&#8220;on|tablet&#8220; _builder_version=&#8220;4.25.1&#8243; _module_preset=&#8220;default&#8220; background_color=&#8220;#D1E6E8&#8243; custom_padding=&#8220;60px|50px|60px|50px|true|true&#8220; custom_padding_tablet=&#8220;40px|30px|40px|30px|true|true&#8220; custom_padding_phone=&#8220;20px|20px|20px|20px|true|true&#8220; border_radii=&#8220;on|20px|20px|20px|20px&#8220; locked=&#8220;off&#8220; global_colors_info=&#8220;{}&#8220;][et_pb_column type=&#8220;1_2&#8243; _builder_version=&#8220;4.19.4&#8243; _module_preset=&#8220;default&#8220; background_color=&#8220;#ffffff&#8220; custom_padding=&#8220;50px|40px|50px|40px|true|true&#8220; custom_padding_tablet=&#8220;50px|40px|50px|40px|true|true&#8220; custom_padding_phone=&#8220;30px|20px|30px|20px|true|true&#8220; custom_padding_last_edited=&#8220;on|phone&#8220; border_radii=&#8220;on|15px|15px|15px|15px&#8220; border_width_all=&#8220;1px&#8220; border_color_all=&#8220;rgba(107,141,250,0.25)&#8220; box_shadow_style=&#8220;preset3&#8243; box_shadow_color=&#8220;#F5F6FF&#8220; global_colors_info=&#8220;{}&#8220;][et_pb_contact_form captcha=&#8220;off&#8220; email=&#8220;bariatrischechirurgieantalya@gmail.com&#8220; _builder_version=&#8220;4.26.0&#8243; _module_preset=&#8220;default&#8220; _unique_id=&#8220;3dc6c27b-e010-4dfc-99e0-773697bcc539&#8243; form_field_background_color=&#8220;#F8F9FD&#8220; form_field_text_color=&#8220;#0C0C1F&#8220; form_field_focus_background_color=&#8220;#F8F9FD&#8220; form_field_focus_text_color=&#8220;#0C0C1F&#8220; form_field_custom_padding=&#8220;25px||25px||true|false&#8220; form_field_font=&#8220;Inter||||||||&#8220; form_field_font_size=&#8220;15px&#8220; custom_button=&#8220;on&#8220; button_text_color=&#8220;#ffffff&#8220; button_bg_color=&#8220;#AC7241&#8243; button_border_width=&#8220;0px&#8220; button_border_radius=&#8220;100px&#8220; button_font=&#8220;Inter|600|||||||&#8220; button_use_icon=&#8220;off&#8220; button_custom_margin=&#8220;8px||||false|false&#8220; button_custom_padding=&#8220;16px||16px||true|false&#8220; hover_enabled=&#8220;0&#8243; global_colors_info=&#8220;{}&#8220; button_bg_color__hover_enabled=&#8220;on|hover&#8220; button_bg_color__hover=&#8220;rgba(172,114,65,0.81)&#8220; button_bg_enable_color__hover=&#8220;on&#8220; admin_label=&#8220;bariatrischechirurgieantalya@gmail.com&#8220; sticky_enabled=&#8220;0&#8243;][et_pb_contact_field field_id=&#8220;Name&#8220; field_title=&#8220;Name&#8220; fullwidth_field=&#8220;on&#8220; _builder_version=&#8220;4.25.1&#8243; global_colors_info=&#8220;{}&#8220; button_text_size__hover_enabled=&#8220;off&#8220; button_one_text_size__hover_enabled=&#8220;off&#8220; button_two_text_size__hover_enabled=&#8220;off&#8220; button_text_color__hover_enabled=&#8220;off&#8220; button_one_text_color__hover_enabled=&#8220;off&#8220; button_two_text_color__hover_enabled=&#8220;off&#8220; button_border_width__hover_enabled=&#8220;off&#8220; button_one_border_width__hover_enabled=&#8220;off&#8220; button_two_border_width__hover_enabled=&#8220;off&#8220; button_border_color__hover_enabled=&#8220;off&#8220; button_one_border_color__hover_enabled=&#8220;off&#8220; button_two_border_color__hover_enabled=&#8220;off&#8220; button_border_radius__hover_enabled=&#8220;off&#8220; button_one_border_radius__hover_enabled=&#8220;off&#8220; button_two_border_radius__hover_enabled=&#8220;off&#8220; button_letter_spacing__hover_enabled=&#8220;off&#8220; button_one_letter_spacing__hover_enabled=&#8220;off&#8220; button_two_letter_spacing__hover_enabled=&#8220;off&#8220; button_bg_color__hover_enabled=&#8220;off&#8220; button_one_bg_color__hover_enabled=&#8220;off&#8220; button_two_bg_color__hover_enabled=&#8220;off&#8220;][\/et_pb_contact_field][et_pb_contact_field field_id=&#8220;Email_2_2_2&#8243; field_title=&#8220;E-Mail&#8220; field_type=&#8220;email&#8220; fullwidth_field=&#8220;on&#8220; _builder_version=&#8220;4.25.1&#8243; global_colors_info=&#8220;{}&#8220; button_text_size__hover_enabled=&#8220;off&#8220; button_one_text_size__hover_enabled=&#8220;off&#8220; button_two_text_size__hover_enabled=&#8220;off&#8220; button_text_color__hover_enabled=&#8220;off&#8220; button_one_text_color__hover_enabled=&#8220;off&#8220; button_two_text_color__hover_enabled=&#8220;off&#8220; button_border_width__hover_enabled=&#8220;off&#8220; button_one_border_width__hover_enabled=&#8220;off&#8220; button_two_border_width__hover_enabled=&#8220;off&#8220; button_border_color__hover_enabled=&#8220;off&#8220; button_one_border_color__hover_enabled=&#8220;off&#8220; button_two_border_color__hover_enabled=&#8220;off&#8220; button_border_radius__hover_enabled=&#8220;off&#8220; button_one_border_radius__hover_enabled=&#8220;off&#8220; button_two_border_radius__hover_enabled=&#8220;off&#8220; button_letter_spacing__hover_enabled=&#8220;off&#8220; button_one_letter_spacing__hover_enabled=&#8220;off&#8220; button_two_letter_spacing__hover_enabled=&#8220;off&#8220; button_bg_color__hover_enabled=&#8220;off&#8220; button_one_bg_color__hover_enabled=&#8220;off&#8220; button_two_bg_color__hover_enabled=&#8220;off&#8220;][\/et_pb_contact_field][et_pb_contact_field field_id=&#8220;Email&#8220; field_title=&#8220;Telefon&#8220; fullwidth_field=&#8220;on&#8220; _builder_version=&#8220;4.25.1&#8243; global_colors_info=&#8220;{}&#8220; button_text_size__hover_enabled=&#8220;off&#8220; button_one_text_size__hover_enabled=&#8220;off&#8220; button_two_text_size__hover_enabled=&#8220;off&#8220; button_text_color__hover_enabled=&#8220;off&#8220; button_one_text_color__hover_enabled=&#8220;off&#8220; button_two_text_color__hover_enabled=&#8220;off&#8220; button_border_width__hover_enabled=&#8220;off&#8220; button_one_border_width__hover_enabled=&#8220;off&#8220; button_two_border_width__hover_enabled=&#8220;off&#8220; button_border_color__hover_enabled=&#8220;off&#8220; button_one_border_color__hover_enabled=&#8220;off&#8220; button_two_border_color__hover_enabled=&#8220;off&#8220; button_border_radius__hover_enabled=&#8220;off&#8220; button_one_border_radius__hover_enabled=&#8220;off&#8220; button_two_border_radius__hover_enabled=&#8220;off&#8220; button_letter_spacing__hover_enabled=&#8220;off&#8220; button_one_letter_spacing__hover_enabled=&#8220;off&#8220; button_two_letter_spacing__hover_enabled=&#8220;off&#8220; button_bg_color__hover_enabled=&#8220;off&#8220; button_one_bg_color__hover_enabled=&#8220;off&#8220; button_two_bg_color__hover_enabled=&#8220;off&#8220;][\/et_pb_contact_field][et_pb_contact_field field_id=&#8220;Message&#8220; field_title=&#8220;Nachricht&#8220; field_type=&#8220;text&#8220; fullwidth_field=&#8220;on&#8220; _builder_version=&#8220;4.25.1&#8243; global_colors_info=&#8220;{}&#8220; button_text_size__hover_enabled=&#8220;off&#8220; button_one_text_size__hover_enabled=&#8220;off&#8220; button_two_text_size__hover_enabled=&#8220;off&#8220; button_text_color__hover_enabled=&#8220;off&#8220; button_one_text_color__hover_enabled=&#8220;off&#8220; button_two_text_color__hover_enabled=&#8220;off&#8220; button_border_width__hover_enabled=&#8220;off&#8220; button_one_border_width__hover_enabled=&#8220;off&#8220; button_two_border_width__hover_enabled=&#8220;off&#8220; button_border_color__hover_enabled=&#8220;off&#8220; button_one_border_color__hover_enabled=&#8220;off&#8220; button_two_border_color__hover_enabled=&#8220;off&#8220; button_border_radius__hover_enabled=&#8220;off&#8220; button_one_border_radius__hover_enabled=&#8220;off&#8220; button_two_border_radius__hover_enabled=&#8220;off&#8220; button_letter_spacing__hover_enabled=&#8220;off&#8220; button_one_letter_spacing__hover_enabled=&#8220;off&#8220; button_two_letter_spacing__hover_enabled=&#8220;off&#8220; button_bg_color__hover_enabled=&#8220;off&#8220; button_one_bg_color__hover_enabled=&#8220;off&#8220; button_two_bg_color__hover_enabled=&#8220;off&#8220;][\/et_pb_contact_field][\/et_pb_contact_form][\/et_pb_column][et_pb_column type=&#8220;1_2&#8243; _builder_version=&#8220;4.19.4&#8243; _module_preset=&#8220;default&#8220; global_colors_info=&#8220;{}&#8220;][et_pb_text _builder_version=&#8220;4.25.1&#8243; _module_preset=&#8220;default&#8220; text_font=&#8220;Inter|600||on|||||&#8220; text_text_color=&#8220;#0C0C1F&#8220; text_letter_spacing=&#8220;2px&#8220; background_enable_color=&#8220;off&#8220; width_last_edited=&#8220;off|desktop&#8220; custom_margin=&#8220;||15px||false|false&#8220; text_font_size_tablet=&#8220;&#8220; text_font_size_phone=&#8220;10px&#8220; text_font_size_last_edited=&#8220;on|phone&#8220; locked=&#8220;off&#8220; global_colors_info=&#8220;{}&#8220;]<\/p>\n<p>KONTAKT US<\/p>\n<p>[\/et_pb_text][et_pb_text _builder_version=&#8220;4.19.4&#8243; _module_preset=&#8220;default&#8220; header_2_font=&#8220;|600|||||||&#8220; header_2_font_size=&#8220;55px&#8220; header_2_letter_spacing=&#8220;-0.5px&#8220; header_2_line_height=&#8220;1.2em&#8220; custom_margin_tablet=&#8220;&#8220; custom_margin_phone=&#8220;||15px||false|false&#8220; custom_margin_last_edited=&#8220;on|phone&#8220; header_2_font_size_tablet=&#8220;55px&#8220; header_2_font_size_phone=&#8220;35px&#8220; header_2_font_size_last_edited=&#8220;on|phone&#8220; locked=&#8220;off&#8220; global_colors_info=&#8220;{}&#8220;]<\/p>\n<h2>Treten Sie in ein gesundes Leben ein, beginnen Sie Ihr Leben neu<\/h2>\n<p>[\/et_pb_text][et_pb_text _builder_version=&#8220;4.19.4&#8243; _module_preset=&#8220;default&#8220; text_font=&#8220;Inter Tight||||||||&#8220; text_text_color=&#8220;rgba(29,30,77,0.5)&#8220; text_font_size=&#8220;16px&#8220; text_line_height=&#8220;1.6em&#8220; custom_margin=&#8220;||40px||false|false&#8220; global_colors_info=&#8220;{}&#8220;]<\/p>\n<p>Unser Ziel ist es, Ihnen mit unserem fachkundigen Personal und unseren mit der neuesten Technologie ausgestatteten Einrichtungen den besten Service zu bieten. Mit unseren hochwertigen Behandlungsm\u00f6glichkeiten stehen wir Ihnen f\u00fcr ein gesundes und gl\u00fcckliches Leben zur Seite.<\/p>\n<p>[\/et_pb_text][et_pb_blurb title=&#8220;Telefon&#8220; url=&#8220;tel:+492016320%20163%%20&#8243; use_icon=&#8220;on&#8220; font_icon=&#8220;&#xe090;||divi||400&#8243; icon_color=&#8220;#ac7241&#8243; image_icon_background_color=&#8220;#ffffff&#8220; icon_placement=&#8220;left&#8220; image_icon_width=&#8220;30px&#8220; content_max_width=&#8220;1100px&#8220; image_icon_width_tablet=&#8220;30px&#8220; image_icon_width_phone=&#8220;20px&#8220; image_icon_width_last_edited=&#8220;on|phone&#8220; _builder_version=&#8220;4.25.1&#8243; _module_preset=&#8220;default&#8220; header_font=&#8220;||||||||&#8220; header_text_color=&#8220;rgba(29,30,77,0.5)&#8220; header_font_size=&#8220;18px&#8220; body_font_size=&#8220;13px&#8220; body_link_font=&#8220;Inter||||||||&#8220; body_link_text_color=&#8220;#1D1E4D&#8220; image_icon_custom_padding=&#8220;15px|15px|15px|15px|true|true&#8220; image_icon_custom_padding_tablet=&#8220;15px|15px|15px|15px|true|true&#8220; image_icon_custom_padding_phone=&#8220;10px|10px|10px|10px|true|true&#8220; image_icon_custom_padding_last_edited=&#8220;on|phone&#8220; custom_margin=&#8220;||40px||false|false&#8220; body_font_size_tablet=&#8220;13px&#8220; body_font_size_phone=&#8220;11px&#8220; body_font_size_last_edited=&#8220;on|phone&#8220; custom_css_blurb_title=&#8220;margin-top: 7px;&#8220; border_radii_image=&#8220;on|10px|10px|10px|10px&#8220; border_radii_image_tablet=&#8220;on|10px|10px|10px|10px&#8220; border_radii_image_phone=&#8220;on|5px|5px|5px|5px&#8220; border_radii_image_last_edited=&#8220;on|phone&#8220; global_colors_info=&#8220;{}&#8220;]<\/p>\n<p>+49 163 3485964<\/p>\n<p>[\/et_pb_blurb][et_pb_blurb title=&#8220;Telefon&#8220; url=&#8220;tel:+492016320%20163%%20&#8243; use_icon=&#8220;on&#8220; font_icon=&#8220;&#xe090;||divi||400&#8243; icon_color=&#8220;#ac7241&#8243; image_icon_background_color=&#8220;#ffffff&#8220; icon_placement=&#8220;left&#8220; image_icon_width=&#8220;30px&#8220; content_max_width=&#8220;1100px&#8220; image_icon_width_tablet=&#8220;30px&#8220; image_icon_width_phone=&#8220;20px&#8220; image_icon_width_last_edited=&#8220;on|phone&#8220; _builder_version=&#8220;4.25.2&#8243; _module_preset=&#8220;default&#8220; header_font=&#8220;||||||||&#8220; header_text_color=&#8220;rgba(29,30,77,0.5)&#8220; header_font_size=&#8220;18px&#8220; body_font_size=&#8220;13px&#8220; body_link_font=&#8220;Inter||||||||&#8220; body_link_text_color=&#8220;#1D1E4D&#8220; image_icon_custom_padding=&#8220;15px|15px|15px|15px|true|true&#8220; image_icon_custom_padding_tablet=&#8220;15px|15px|15px|15px|true|true&#8220; image_icon_custom_padding_phone=&#8220;10px|10px|10px|10px|true|true&#8220; image_icon_custom_padding_last_edited=&#8220;on|phone&#8220; custom_margin=&#8220;||40px||false|false&#8220; body_font_size_tablet=&#8220;13px&#8220; body_font_size_phone=&#8220;11px&#8220; body_font_size_last_edited=&#8220;on|phone&#8220; custom_css_blurb_title=&#8220;margin-top: 7px;&#8220; border_radii_image=&#8220;on|10px|10px|10px|10px&#8220; border_radii_image_tablet=&#8220;on|10px|10px|10px|10px&#8220; border_radii_image_phone=&#8220;on|5px|5px|5px|5px&#8220; border_radii_image_last_edited=&#8220;on|phone&#8220; global_colors_info=&#8220;{}&#8220;]<\/p>\n<p>+90 (552) 851 80 50<\/p>\n<p>[\/et_pb_blurb][et_pb_blurb title=&#8220;E-Mail&#8220; use_icon=&#8220;on&#8220; font_icon=&#8220;&#xe076;||divi||400&#8243; icon_color=&#8220;#ac7241&#8243; image_icon_background_color=&#8220;#ffffff&#8220; icon_placement=&#8220;left&#8220; image_icon_width=&#8220;30px&#8220; content_max_width=&#8220;1100px&#8220; image_icon_width_tablet=&#8220;30px&#8220; image_icon_width_phone=&#8220;20px&#8220; image_icon_width_last_edited=&#8220;on|phone&#8220; _builder_version=&#8220;4.25.1&#8243; _module_preset=&#8220;default&#8220; header_font=&#8220;||||||||&#8220; header_text_color=&#8220;rgba(29,30,77,0.5)&#8220; header_font_size=&#8220;18px&#8220; body_font_size=&#8220;13px&#8220; body_link_font=&#8220;Inter||||||||&#8220; body_link_text_color=&#8220;#1D1E4D&#8220; image_icon_custom_padding=&#8220;15px|15px|15px|15px|true|true&#8220; image_icon_custom_padding_tablet=&#8220;15px|15px|15px|15px|true|true&#8220; image_icon_custom_padding_phone=&#8220;10px|10px|10px|10px|true|true&#8220; image_icon_custom_padding_last_edited=&#8220;on|phone&#8220; custom_margin=&#8220;||40px||false|false&#8220; body_font_size_tablet=&#8220;13px&#8220; body_font_size_phone=&#8220;11px&#8220; body_font_size_last_edited=&#8220;on|phone&#8220; custom_css_blurb_title=&#8220;margin-top: 7px;&#8220; border_radii_image=&#8220;on|10px|10px|10px|10px&#8220; border_radii_image_tablet=&#8220;on|10px|10px|10px|10px&#8220; border_radii_image_phone=&#8220;on|5px|5px|5px|5px&#8220; border_radii_image_last_edited=&#8220;on|phone&#8220; global_colors_info=&#8220;{}&#8220;]<\/p>\n<p><a href=\"mailto:info@aesthetichealthantalya.org\">info@aesthetichealthantalya.org<\/a><\/p>\n<p>[\/et_pb_blurb][et_pb_blurb title=&#8220;B\u00fcro&#8220; use_icon=&#8220;on&#8220; font_icon=&#8220;&#xf57e;||fa||900&#8243; icon_color=&#8220;#ac7241&#8243; image_icon_background_color=&#8220;#ffffff&#8220; icon_placement=&#8220;left&#8220; image_icon_width=&#8220;30px&#8220; content_max_width=&#8220;1100px&#8220; image_icon_width_tablet=&#8220;30px&#8220; image_icon_width_phone=&#8220;20px&#8220; image_icon_width_last_edited=&#8220;on|phone&#8220; _builder_version=&#8220;4.25.1&#8243; _module_preset=&#8220;default&#8220; header_font=&#8220;||||||||&#8220; header_text_color=&#8220;rgba(29,30,77,0.5)&#8220; header_font_size=&#8220;18px&#8220; body_font=&#8220;Inter||||||||&#8220; body_text_color=&#8220;#1D1E4D&#8220; body_font_size=&#8220;13px&#8220; body_link_font=&#8220;Inter||||||||&#8220; body_link_text_color=&#8220;#1D1E4D&#8220; image_icon_custom_padding=&#8220;15px|15px|15px|15px|true|true&#8220; image_icon_custom_padding_tablet=&#8220;15px|15px|15px|15px|true|true&#8220; image_icon_custom_padding_phone=&#8220;10px|10px|10px|10px|true|true&#8220; image_icon_custom_padding_last_edited=&#8220;on|phone&#8220; custom_margin=&#8220;||50px||false|false&#8220; body_font_size_tablet=&#8220;13px&#8220; body_font_size_phone=&#8220;11px&#8220; body_font_size_last_edited=&#8220;on|phone&#8220; custom_css_blurb_title=&#8220;margin-top: 7px;&#8220; border_radii_image=&#8220;on|10px|10px|10px|10px&#8220; border_radii_image_tablet=&#8220;on|10px|10px|10px|10px&#8220; border_radii_image_phone=&#8220;on|5px|5px|5px|5px&#8220; border_radii_image_last_edited=&#8220;on|phone&#8220; global_colors_info=&#8220;{}&#8220;]<\/p>\n<p>Y\u0131ld\u0131z Viertel Hamidiye Caddesi G\u00fczelyurt Apt. Nr:47\/B<br \/>Muratpasa\/ Antalya<\/p>\n<p>[\/et_pb_blurb][\/et_pb_column][\/et_pb_row][\/et_pb_section][et_pb_section fb_built=&#8220;1&#8243; _builder_version=&#8220;4.25.1&#8243; _module_preset=&#8220;default&#8220; global_colors_info=&#8220;{}&#8220;][et_pb_row _builder_version=&#8220;4.25.1&#8243; _module_preset=&#8220;default&#8220; global_colors_info=&#8220;{}&#8220;][et_pb_column type=&#8220;4_4&#8243; _builder_version=&#8220;4.25.1&#8243; _module_preset=&#8220;default&#8220; global_colors_info=&#8220;{}&#8220;][et_pb_code _builder_version=&#8220;4.25.2&#8243; _module_preset=&#8220;default&#8220; border_radii=&#8220;on|20px|20px|20px|20px&#8220; global_colors_info=&#8220;{}&#8220;]<iframe src=\"https:\/\/www.google.com\/maps\/embed?pb=!1m18!1m12!1m3!1d6381.682224447491!2d30.67470506034065!3d36.89414913280451!2m3!1f0!2f0!3f0!3m2!1i1024!2i768!4f13.1!3m3!1m2!1s0x14c39021266c5665%3A0xd669def28daff722!2zWcSxbGTEsXosIDA3MDUwIE11cmF0cGHFn2EvQW50YWx5YQ!5e0!3m2!1str!2str!4v1717533985016!5m2!1str!2str\" width=\"1200\" height=\"450\" style=\"border:0;\" allowfullscreen=\"\" loading=\"lazy\" referrerpolicy=\"no-referrer-when-downgrade\"><\/iframe>[\/et_pb_code][\/et_pb_column][\/et_pb_row][\/et_pb_section]<\/p>\n","protected":false},"excerpt":{"rendered":"<p>Wir h\u00f6ren Ihnen zu.<div class=\"et_pb_module dipi_breadcrumbs dipi_breadcrumbs_0\">\n\t\t\t\t\n\t\t\t\t\n\t\t\t\t\n\t\t\t\t\n\t\t\t\t\n\t\t\t\t\n\t\t\t\t<div class=\"et_pb_module_inner\">\n\t\t\t\t\t<div class=\"dipi-breadcrumbs dipi-bc-left\">\n                <ul >\n                    \n                                                        <li  class=\"dipi-breadcrumb-item dipi-breadcrumb-home\">\n\n                                                    <a  href=\"https:\/\/aesthetichealthantalya.org\/de\/\">\n                                <span  content=\"Home\">\n                                                                        Aesthetic Health Antalya                                <\/span>\n                            <\/a>\n\n                                                <meta itemprop=\"position\" content=\"1\"\/>                    <\/li>\n\n                    <li class=\"dipi-breadcrumb-separator\">\n                    <span class=\"et-pb-icon dipi-separator-icon\">&#x35;<\/span>\n                <\/li>                            \n                <\/ul>\n            <\/div>\n\t\t\t\t<\/div>\n\t\t\t<\/div>KONTAKT USTreten Sie in ein gesundes Leben ein, beginnen Sie Ihr Leben neuUnser Ziel ist es, Ihnen mit unserem fachkundigen Personal und unseren [&hellip;]<\/p>\n","protected":false},"author":3,"featured_media":25803658,"parent":0,"menu_order":0,"comment_status":"closed","ping_status":"closed","template":"","meta":{"_et_pb_use_builder":"on","_et_pb_old_content":"","_et_gb_content_width":"","slim_seo":{"title":"Kontakt - Aesthetic Health Antalya","description":"Wir h\u00f6ren Ihnen zu. KONTAKT US Treten Sie in ein gesundes Leben ein, beginnen Sie Ihr Leben neu Unser Ziel ist es, Ihnen mit unserem fachkundigen Personal und u"},"footnotes":""},"dipi_cpt_category":[],"class_list":["post-25804056","page","type-page","status-publish","has-post-thumbnail","hentry"],"_links":{"self":[{"href":"https:\/\/aesthetichealthantalya.org\/de\/wp-json\/wp\/v2\/pages\/25804056","targetHints":{"allow":["GET"]}}],"collection":[{"href":"https:\/\/aesthetichealthantalya.org\/de\/wp-json\/wp\/v2\/pages"}],"about":[{"href":"https:\/\/aesthetichealthantalya.org\/de\/wp-json\/wp\/v2\/types\/page"}],"author":[{"embeddable":true,"href":"https:\/\/aesthetichealthantalya.org\/de\/wp-json\/wp\/v2\/users\/3"}],"replies":[{"embeddable":true,"href":"https:\/\/aesthetichealthantalya.org\/de\/wp-json\/wp\/v2\/comments?post=25804056"}],"version-history":[{"count":3,"href":"https:\/\/aesthetichealthantalya.org\/de\/wp-json\/wp\/v2\/pages\/25804056\/revisions"}],"predecessor-version":[{"id":25805666,"href":"https:\/\/aesthetichealthantalya.org\/de\/wp-json\/wp\/v2\/pages\/25804056\/revisions\/25805666"}],"wp:featuredmedia":[{"embeddable":true,"href":"https:\/\/aesthetichealthantalya.org\/de\/wp-json\/wp\/v2\/media\/25803658"}],"wp:attachment":[{"href":"https:\/\/aesthetichealthantalya.org\/de\/wp-json\/wp\/v2\/media?parent=25804056"}],"wp:term":[{"taxonomy":"dipi_cpt_category","embeddable":true,"href":"https:\/\/aesthetichealthantalya.org\/de\/wp-json\/wp\/v2\/dipi_cpt_category?post=25804056"}],"curies":[{"name":"wp","href":"https:\/\/api.w.org\/{rel}","templated":true}]}}