{"id":25804051,"date":"2023-02-26T12:26:58","date_gmt":"2023-02-26T09:26:58","guid":{"rendered":"https:\/\/aesthetichealthantalya.org\/404-fehler\/"},"modified":"2024-06-28T23:48:48","modified_gmt":"2024-06-28T20:48:48","slug":"404-fehler","status":"publish","type":"page","link":"https:\/\/aesthetichealthantalya.org\/de\/404-fehler\/","title":{"rendered":"404 Fehler"},"content":{"rendered":"<p>[et_pb_section fb_built=&#8220;1&#8243; custom_padding_last_edited=&#8220;on|phone&#8220; _builder_version=&#8220;4.19.4&#8243; _module_preset=&#8220;default&#8220; background_image=&#8220;https:\/\/aesthetichealthantalya.org\/wp-content\/uploads\/2023\/02\/sdasdasdsd-1.svg&#8220; min_height=&#8220;100%&#8220; height=&#8220;100%&#8220; max_height=&#8220;100%&#8220; custom_padding=&#8220;400px||250px||false|false&#8220; custom_padding_tablet=&#8220;150px||150px||true|false&#8220; custom_padding_phone=&#8220;100px||100px||true|false&#8220; global_colors_info=&#8220;{}&#8220;][et_pb_row custom_padding_last_edited=&#8220;on|tablet&#8220; _builder_version=&#8220;4.19.4&#8243; _module_preset=&#8220;default&#8220; background_color=&#8220;#F8F9FD&#8220; width_tablet=&#8220;&#8220; width_phone=&#8220;85%&#8220; width_last_edited=&#8220;on|phone&#8220; max_width_tablet=&#8220;&#8220; max_width_phone=&#8220;85%&#8220; max_width_last_edited=&#8220;on|phone&#8220; custom_padding=&#8220;150px||150px||true|false&#8220; custom_padding_tablet=&#8220;100px|20px|100px|20px|true|true&#8220; custom_padding_phone=&#8220;50px||50px||true|false&#8220; border_radii=&#8220;on|20px|20px|20px|20px&#8220; border_width_all=&#8220;1px&#8220; border_color_all=&#8220;rgba(107,141,250,0.25)&#8220; global_colors_info=&#8220;{}&#8220;][et_pb_column type=&#8220;4_4&#8243; _builder_version=&#8220;4.19.4&#8243; _module_preset=&#8220;default&#8220; global_colors_info=&#8220;{}&#8220;][et_pb_text _builder_version=&#8220;4.25.1&#8243; _module_preset=&#8220;default&#8220; text_font=&#8220;Inter|600||on|||||&#8220; text_text_color=&#8220;#5A82F9&#8243; text_letter_spacing=&#8220;2px&#8220; header_font=&#8220;Inter|600|||||||&#8220; header_letter_spacing=&#8220;-2px&#8220; background_enable_color=&#8220;off&#8220; text_orientation=&#8220;center&#8220; module_alignment=&#8220;center&#8220; custom_margin_tablet=&#8220;||20px||false|false&#8220; custom_margin_phone=&#8220;||20px||false|false&#8220; custom_margin_last_edited=&#8220;on|tablet&#8220; custom_padding=&#8220;||||true|false&#8220; hover_enabled=&#8220;0&#8243; border_radii=&#8220;on|50px|50px|50px|50px&#8220; locked=&#8220;off&#8220; global_colors_info=&#8220;{}&#8220; sticky_enabled=&#8220;0&#8243;]<\/p>\n<p>404<\/p>\n<p>[\/et_pb_text][et_pb_text _builder_version=&#8220;4.25.1&#8243; _module_preset=&#8220;default&#8220; header_font=&#8220;|600|||||||&#8220; header_text_align=&#8220;center&#8220; header_text_color=&#8220;#1D1E4D&#8220; header_font_size=&#8220;100px&#8220; header_letter_spacing=&#8220;-1px&#8220; custom_margin=&#8220;||20px||false|false&#8220; custom_margin_tablet=&#8220;||20px||false|false&#8220; custom_margin_phone=&#8220;||10px||false|false&#8220; custom_margin_last_edited=&#8220;on|phone&#8220; hover_enabled=&#8220;0&#8243; header_font_size_tablet=&#8220;75px&#8220; header_font_size_phone=&#8220;40px&#8220; header_font_size_last_edited=&#8220;on|tablet&#8220; global_colors_info=&#8220;{}&#8220; sticky_enabled=&#8220;0&#8243;]<\/p>\n<h1>Seite nicht gefunden<\/h1>\n<p>[\/et_pb_text][et_pb_text _builder_version=&#8220;4.25.1&#8243; _module_preset=&#8220;default&#8220; text_font=&#8220;Inter||||||||&#8220; text_text_color=&#8220;rgba(29,30,77,0.6)&#8220; text_font_size=&#8220;21px&#8220; text_line_height=&#8220;1.8em&#8220; text_orientation=&#8220;center&#8220; width=&#8220;650px&#8220; width_tablet=&#8220;100%&#8220; width_phone=&#8220;100%&#8220; width_last_edited=&#8220;on|tablet&#8220; module_alignment=&#8220;center&#8220; custom_margin=&#8220;||25px||false|false&#8220; hover_enabled=&#8220;0&#8243; text_font_size_tablet=&#8220;18px&#8220; text_font_size_phone=&#8220;13px&#8220; text_font_size_last_edited=&#8220;on|tablet&#8220; global_colors_info=&#8220;{}&#8220; sticky_enabled=&#8220;0&#8243;]<\/p>\n<p><span>Die Seite, die Sie suchen, existiert nicht oder wurde m\u00f6glicherweise gel\u00f6scht. Sie k\u00f6nnen zur Startseite zur\u00fcckkehren oder das Problem an uns melden.<\/span><\/p>\n<p>[\/et_pb_text][dipi_button_grid flex_direction=&#8220;row&#8220; _builder_version=&#8220;4.25.1&#8243; _module_preset=&#8220;default&#8220; hover_enabled=&#8220;0&#8243; locked=&#8220;off&#8220; global_colors_info=&#8220;{}&#8220; sticky_enabled=&#8220;0&#8243;][dipi_button_grid_child button_id=&#8220;Back to Homepage&#8220; button_text=&#8220;Homepage&#8220; button_link=&#8220;@ET-DC@eyJkeW5hbWljIjp0cnVlLCJjb250ZW50IjoiaG9tZV91cmwiLCJzZXR0aW5ncyI6W119@&#8220; _builder_version=&#8220;4.25.1&#8243; _module_preset=&#8220;default&#8220; custom_button=&#8220;on&#8220; button_text_size=&#8220;15px&#8220; button_text_color=&#8220;#F8F9FD&#8220; button_bg_color=&#8220;#5A82F9&#8243; button_border_width=&#8220;0px&#8220; button_border_radius=&#8220;100px&#8220; button_font=&#8220;Inter Tight|600|||||||&#8220; button_use_icon=&#8220;off&#8220; button_custom_padding=&#8220;25px|55px|25px|55px|true|true&#8220; button_custom_padding_tablet=&#8220;20px|40px|20px|40px|true|true&#8220; button_custom_padding_phone=&#8220;15px|25px|15px|25px|true|true&#8220; button_custom_padding_last_edited=&#8220;on|tablet&#8220; hover_enabled=&#8220;0&#8243; button_text_size_tablet=&#8220;15px&#8220; button_text_size_phone=&#8220;13px&#8220; button_text_size_last_edited=&#8220;on|phone&#8220; global_colors_info=&#8220;{}&#8220; button_border_radius__hover_enabled=&#8220;off|desktop&#8220; button_bg_color__hover_enabled=&#8220;on|hover&#8220; button_bg_color__hover=&#8220;#5175e0&#8243; button_bg_enable_color__hover=&#8220;on&#8220; _dynamic_attributes=&#8220;button_link&#8220; sticky_enabled=&#8220;0&#8243;][\/dipi_button_grid_child][\/dipi_button_grid][\/et_pb_column][\/et_pb_row][\/et_pb_section]<\/p>\n","protected":false},"excerpt":{"rendered":"<p>404Seite nicht gefundenDie Seite, die Sie suchen, existiert nicht oder wurde m\u00f6glicherweise gel\u00f6scht. Sie k\u00f6nnen zur Startseite zur\u00fcckkehren oder das Problem an uns melden.<div class=\"et_pb_module dipi_button_grid dipi_button_grid_0\">\n\t\t\t\t\n\t\t\t\t\n\t\t\t\t\n\t\t\t\t\n\t\t\t\t\n\t\t\t\t\n\t\t\t\t<div class=\"et_pb_module_inner\">\n\t\t\t\t\t<div class=\"dipi-button-grid-container\">\n                \n            <\/div>\n\t\t\t\t<\/div>\n\t\t\t<\/div><div class=\"et_pb_module dipi_button_grid_child dipi_button_grid_child_0\">\n\t\t\t\t\n\t\t\t\t\n\t\t\t\t\n\t\t\t\t\n\t\t\t\t\n\t\t\t\t\n\t\t\t\t<div class=\"et_pb_module_inner\">\n\t\t\t\t\t<a class=\"et_pb_button dipi-button-grid dipi-button-wrap\" href=\"http:\/\/&#8220;&#8220;\">&#8220;Homepage&#8220;<\/a>\n\t\t\t\t<\/div>\n\t\t\t<\/div><\/p>\n","protected":false},"author":3,"featured_media":25803658,"parent":0,"menu_order":0,"comment_status":"closed","ping_status":"closed","template":"","meta":{"_et_pb_use_builder":"on","_et_pb_old_content":"","_et_gb_content_width":"","slim_seo":{"title":"404 Fehler - Aesthetic Health Antalya","description":"404 Seite nicht gefunden Die Seite, die Sie suchen, existiert nicht oder wurde m\u00f6glicherweise gel\u00f6scht. Sie k\u00f6nnen zur Startseite zur\u00fcckkehren oder das Problem"},"footnotes":""},"dipi_cpt_category":[],"class_list":["post-25804051","page","type-page","status-publish","has-post-thumbnail","hentry"],"_links":{"self":[{"href":"https:\/\/aesthetichealthantalya.org\/de\/wp-json\/wp\/v2\/pages\/25804051","targetHints":{"allow":["GET"]}}],"collection":[{"href":"https:\/\/aesthetichealthantalya.org\/de\/wp-json\/wp\/v2\/pages"}],"about":[{"href":"https:\/\/aesthetichealthantalya.org\/de\/wp-json\/wp\/v2\/types\/page"}],"author":[{"embeddable":true,"href":"https:\/\/aesthetichealthantalya.org\/de\/wp-json\/wp\/v2\/users\/3"}],"replies":[{"embeddable":true,"href":"https:\/\/aesthetichealthantalya.org\/de\/wp-json\/wp\/v2\/comments?post=25804051"}],"version-history":[{"count":8,"href":"https:\/\/aesthetichealthantalya.org\/de\/wp-json\/wp\/v2\/pages\/25804051\/revisions"}],"predecessor-version":[{"id":25804071,"href":"https:\/\/aesthetichealthantalya.org\/de\/wp-json\/wp\/v2\/pages\/25804051\/revisions\/25804071"}],"wp:featuredmedia":[{"embeddable":true,"href":"https:\/\/aesthetichealthantalya.org\/de\/wp-json\/wp\/v2\/media\/25803658"}],"wp:attachment":[{"href":"https:\/\/aesthetichealthantalya.org\/de\/wp-json\/wp\/v2\/media?parent=25804051"}],"wp:term":[{"taxonomy":"dipi_cpt_category","embeddable":true,"href":"https:\/\/aesthetichealthantalya.org\/de\/wp-json\/wp\/v2\/dipi_cpt_category?post=25804051"}],"curies":[{"name":"wp","href":"https:\/\/api.w.org\/{rel}","templated":true}]}}